{"id":590,"date":"2020-06-12T12:06:18","date_gmt":"2020-06-12T12:06:18","guid":{"rendered":"http:\/\/localhost\/context\/?page_id=590"},"modified":"2024-12-20T20:24:56","modified_gmt":"2024-12-20T19:24:56","slug":"portfolio","status":"publish","type":"page","link":"https:\/\/alm-telecoms.com\/en\/portfolio\/","title":{"rendered":"Portfolio"},"content":{"rendered":"<div data-elementor-type=\"wp-page\" data-elementor-id=\"590\" class=\"elementor elementor-590\" data-elementor-post-type=\"page\">\n\t\t\t\t\t\t<section class=\"elementor-section elementor-top-section elementor-element elementor-element-b18d7c9 elementor-section-full_width elementor-section-height-default elementor-section-height-default\" data-id=\"b18d7c9\" data-element_type=\"section\" data-e-type=\"section\">\n\t\t\t\t\t\t<div class=\"elementor-container elementor-column-gap-no\">\n\t\t\t\t\t<div class=\"elementor-column elementor-col-100 elementor-top-column elementor-element elementor-element-d3a7279\" data-id=\"d3a7279\" data-element_type=\"column\" data-e-type=\"column\">\n\t\t\t<div class=\"elementor-widget-wrap elementor-element-populated\">\n\t\t\t\t\t\t<div class=\"elementor-element elementor-element-17e6143 netline-star-rating--align-center elementor-widget elementor-widget-witr_section_title\" data-id=\"17e6143\" data-element_type=\"widget\" data-e-type=\"widget\" data-widget_type=\"witr_section_title.default\">\n\t\t\t\t<div class=\"elementor-widget-container\">\n\t\t\t\t\t\t\t\t\t\t<!-- title center -->\n\t\t\t\t\t<div class=\"witr_section_title\">\n\t\t\t\t\t\t<div class=\"witr_section_title_inner text-center\">\n\n\t\t\t\t\t\t\t<!-- icon position -->\n\t\t\t\t\t\t\t\t\n\t\t\t\t\t\t\t<!-- end icon position -->\n\t\t\t\t\t\t\t\n\t\t\t\t\t\t\n\t\t\t\t\t\t\t<!-- title top -->\n\t\t\t\t\t\t\t\t\t\t\t\t\t\t\t<h2>Portfolio<\/h2>\t\t\n\t\t\t\t\t\t\t\n\n\t\t\t\t\t\t\t<!-- icon position -->\n\t\t\t\t\t\t\t\t\n\t\t\t\t\t\t\t<!-- end icon position -->\n\n\n\t\t\t\t\t\t\t\n\t\t\t\t\t\t\t<!-- title middle -->\n\t\t\t\t\t\t\t\t\t\t\t\t\t\t\t<h3>Explore recent projects<\/h3>\t\t\n\t\t\t\t\t\t\t\t\t\t\t\t\t\t<!-- title bottom -->\n\t\t\t\t\t\t\t\n\t\t\t\t\t\t\t\n\t\t\t\t\t\t\t\n\t\t\t\t\t\t\t\t\t\t\t\t\t\t\n\t\t\t\t\t\t\t<!-- image -->\n\t\t\t\t\t\t\t\t\t\t\t\t\t\t<!-- icon -->\n\t\t\t\t\t\t\t\t\t\t\t\t\t\t\n\t\t\t\t\t\t\t<!-- bar -->\n\t\t\t\t\t\t\t\t\t\t\t\t\t\t<!-- circle bar -->\n\t\t\t\t\t\t\t\t\t\t\t\t\t\t\n\t\t\t\t\t\t\t\t\n\t\t\t\t\t\t\t\n\n\t\t\t\t\t\t\t\n\t\t\t\t\t\t\t<!-- content -->\n\t\t\t\t\t\t\t\t\t\t\t\t\t\t\t<p>Discover our recent projects, which testify to our expertise in fiber optics and our commitment to providing innovative solutions tailored to our customers' specific needs. These achievements illustrate our know-how and our ability to successfully meet technical challenges. <\/p>\t\t\n\t\t\t\t\t\t\t\t\t\t\t\t\t\t\n\t\t\t\t\t\t<\/div>\n\t\t\t\t\t\t\t<!-- inner title -->\n\t\t\t\t\t\t\t\t\t\t\t\t\t\n\t\t\t\t\t<\/div>\n\n\t\t\t\t\t\t\t\t<\/div>\n\t\t\t\t<\/div>\n\t\t\t\t<section class=\"elementor-section elementor-inner-section elementor-element elementor-element-cb368ef elementor-section-full_width elementor-section-height-default elementor-section-height-default\" data-id=\"cb368ef\" data-element_type=\"section\" data-e-type=\"section\">\n\t\t\t\t\t\t<div class=\"elementor-container elementor-column-gap-no\">\n\t\t\t\t\t<div class=\"elementor-column elementor-col-100 elementor-inner-column elementor-element elementor-element-08d1b74\" data-id=\"08d1b74\" data-element_type=\"column\" data-e-type=\"column\">\n\t\t\t<div class=\"elementor-widget-wrap elementor-element-populated\">\n\t\t\t\t\t\t<div class=\"elementor-element elementor-element-501dfb7 wittr_pfilter_menu--align-center elementor-widget elementor-widget-witr_portfolio_section\" data-id=\"501dfb7\" data-element_type=\"widget\" data-e-type=\"widget\" data-widget_type=\"witr_portfolio_section.default\">\n\t\t\t\t<div class=\"elementor-widget-container\">\n\t\t\t\t\t\t\t\t\t\n\t\t<div class=\"clearfix row kicuakta\">\n\t\t\t<div class=\"col-md-12\">\n\t\t\t\t<div class=\"portfolio_nav  wittr_pfilter_menu\">\n\t\t\t\t\t<ul id=\"filter\" class=\"filter_menu\">\n\t\t\t\t\t\t<li class=\"current_menu_item\" data-filter=\"*\" >All Projects<\/li>\n\t\t\t\t\t\t\t\t\t\t\t\t\t<li   data-filter=\".conseil-et-expertise\">Professional Assistance and expertise<\/li>\n\t\t\t\t\t\t\t\t\t\t\t\t\t\t<li   data-filter=\".formation-et-audit\">Training and Audit<\/li>\n\t\t\t\t\t\t\t\t\t\t\t\t\t\t<li   data-filter=\".sav-et-maintenance\">Customer service and maintenance<\/li>\n\t\t\t\t\t\t\t\t\t\t\t<\/ul>\n\t\t\t\t<\/div>\n\t\t\t<\/div>\t\t\t\t\n\t\t<\/div>\t\t\t\n\t\t\t\t\t<div class=\"pstyle2\">\t\t\t\t\n\t\t\t\t<div class=\"row\" id=\"em_load\" >\t\t\n\t\t\t\t\t\t\t\t\t\t\t<!-- single portfolio -->\n\t\t\t\t\t<div class=\"col-lg-3  eportfolio_item col-md-6 col-xs-12 col-sm-12 formation-et-audit sav-et-maintenance    witr_all_mb_30\" >\n\t\t\t\t\t\t<div class=\"single_protfolio\">\n\t\t\t\t\t\t\t<div class=\"prot_thumb\">\t\t\t\t\t\t\t\t\n\t\t\t\t\t\t\t\t<img fetchpriority=\"high\" decoding=\"async\" width=\"560\" height=\"560\" src=\"https:\/\/alm-telecoms.com\/wp-content\/uploads\/2021\/09\/71KTu7r-0iL-560x560.jpg\" class=\"attachment-netline-gallery-thumb size-netline-gallery-thumb wp-post-image\" alt=\"\" srcset=\"https:\/\/alm-telecoms.com\/wp-content\/uploads\/2021\/09\/71KTu7r-0iL-560x560.jpg 560w, https:\/\/alm-telecoms.com\/wp-content\/uploads\/2021\/09\/71KTu7r-0iL-300x300.jpg 300w, https:\/\/alm-telecoms.com\/wp-content\/uploads\/2021\/09\/71KTu7r-0iL-100x100.jpg 100w, https:\/\/alm-telecoms.com\/wp-content\/uploads\/2021\/09\/71KTu7r-0iL-600x600.jpg 600w, https:\/\/alm-telecoms.com\/wp-content\/uploads\/2021\/09\/71KTu7r-0iL-1024x1024.jpg 1024w, https:\/\/alm-telecoms.com\/wp-content\/uploads\/2021\/09\/71KTu7r-0iL-150x150.jpg 150w, https:\/\/alm-telecoms.com\/wp-content\/uploads\/2021\/09\/71KTu7r-0iL-768x768.jpg 768w, https:\/\/alm-telecoms.com\/wp-content\/uploads\/2021\/09\/71KTu7r-0iL-450x450.jpg 450w, https:\/\/alm-telecoms.com\/wp-content\/uploads\/2021\/09\/71KTu7r-0iL-106x106.jpg 106w, https:\/\/alm-telecoms.com\/wp-content\/uploads\/2021\/09\/71KTu7r-0iL-70x70.jpg 70w, https:\/\/alm-telecoms.com\/wp-content\/uploads\/2021\/09\/71KTu7r-0iL.jpg 1200w\" sizes=\"(max-width: 560px) 100vw, 560px\" \/>\t\t\t\t\t\t\t\t\n\t\t\t\t\t\t\t\t<div class=\"prot_content\">\n\t\t\t\t\t\t\t\t\t<div class=\"prot_content_inner\">\t\t\t\t\t\t\t\t\t\n\t\t\t\t\t\t\t\t\t\t<div class=\"picon\">\n\t\t\t\t\t\t\t\t\t\t\t \n\t\t\t\t\t\t\t\t\t\t\t<a class=\"portfolio-icon venobox\" data-gall=\"myGallery\" href=\"https:\/\/alm-telecoms.com\/wp-content\/uploads\/2021\/09\/71KTu7r-0iL.jpg\"><i class=\"icofont-image\"><\/i><\/a>\n\t\t\t\t\t\t\t\t\t\t\t\t\t\t\t\t\t\t\t\t\t<\/div>\n\t\t\t\t\t\t\t\t\t\t<h3><a href=\"https:\/\/alm-telecoms.com\/en\/em_portfolios\/demo-media-title-1\/\">Data center maintenance and optimization 1<\/a><\/h3>\n\t\t\t\t\t\t\t\t\t\t\n\t\t\t\t\t\t\t\t\t\t<p>\t\t\t\t\t\t\t\t\t\t\t\t<span class=\"category-item-p\">\n\t\t\t\t\t\t\t\t\t\t\t\t   Training and Audit\t\t\t\t\t\t\t\t\t\t\t\t<\/span>\t\t\t\t\t\t\t\t\t\t\t\t\t\t\t\t\t\t\t\n\t\t\t\t\t\t\t\t\t\t\t\t\t\t\t\t\t\t\t\t\t\t\t\t<span class=\"category-item-p\">\n\t\t\t\t\t\t\t\t\t\t\t\t   Customer service and maintenance\t\t\t\t\t\t\t\t\t\t\t\t<\/span>\t\t\t\t\t\t\t\t\t\t\t\t\t\t\t\t\t\t\t\n\t\t\t\t\t\t\t\t\t\t\t\t<\/p>\t\t\t\t\t\t\t\t\n\t\t\t\t\t\t\t\t\t<\/div>\n\t\t\t\t\t\t\t\t<\/div>\t\n\t\t\t\t\t\t\t<\/div>\t\t\t\t\n\t\t\t\t\t\t<\/div>\n\t\t\t\t\t<\/div>\n\t\t\t\t\t\t\t\t\t\t\t<!-- single portfolio -->\n\t\t\t\t\t<div class=\"col-lg-3  eportfolio_item col-md-6 col-xs-12 col-sm-12 formation-et-audit    witr_all_mb_30\" >\n\t\t\t\t\t\t<div class=\"single_protfolio\">\n\t\t\t\t\t\t\t<div class=\"prot_thumb\">\t\t\t\t\t\t\t\t\n\t\t\t\t\t\t\t\t<img decoding=\"async\" width=\"560\" height=\"550\" src=\"https:\/\/alm-telecoms.com\/wp-content\/uploads\/2021\/08\/bl2-560x550.jpg\" class=\"attachment-netline-gallery-thumb size-netline-gallery-thumb wp-post-image\" alt=\"\" srcset=\"https:\/\/alm-telecoms.com\/wp-content\/uploads\/2021\/08\/bl2-560x550.jpg 560w, https:\/\/alm-telecoms.com\/wp-content\/uploads\/2021\/08\/bl2-70x70.jpg 70w\" sizes=\"(max-width: 560px) 100vw, 560px\" \/>\t\t\t\t\t\t\t\t\n\t\t\t\t\t\t\t\t<div class=\"prot_content\">\n\t\t\t\t\t\t\t\t\t<div class=\"prot_content_inner\">\t\t\t\t\t\t\t\t\t\n\t\t\t\t\t\t\t\t\t\t<div class=\"picon\">\n\t\t\t\t\t\t\t\t\t\t\t \n\t\t\t\t\t\t\t\t\t\t\t<a class=\"portfolio-icon venobox\" data-gall=\"myGallery\" href=\"https:\/\/alm-telecoms.com\/wp-content\/uploads\/2021\/08\/bl2.jpg\"><i class=\"icofont-image\"><\/i><\/a>\n\t\t\t\t\t\t\t\t\t\t\t\t\t\t\t\t\t\t\t\t\t<\/div>\n\t\t\t\t\t\t\t\t\t\t<h3><a href=\"https:\/\/alm-telecoms.com\/en\/em_portfolios\/demo-media-title-2\/\">GPON network installation for a company 2<\/a><\/h3>\n\t\t\t\t\t\t\t\t\t\t\n\t\t\t\t\t\t\t\t\t\t<p>\t\t\t\t\t\t\t\t\t\t\t\t<span class=\"category-item-p\">\n\t\t\t\t\t\t\t\t\t\t\t\t   Training and Audit\t\t\t\t\t\t\t\t\t\t\t\t<\/span>\t\t\t\t\t\t\t\t\t\t\t\t\t\t\t\t\t\t\t\n\t\t\t\t\t\t\t\t\t\t\t\t<\/p>\t\t\t\t\t\t\t\t\n\t\t\t\t\t\t\t\t\t<\/div>\n\t\t\t\t\t\t\t\t<\/div>\t\n\t\t\t\t\t\t\t<\/div>\t\t\t\t\n\t\t\t\t\t\t<\/div>\n\t\t\t\t\t<\/div>\n\t\t\t\t\t\t\t\t\t\t\t<!-- single portfolio -->\n\t\t\t\t\t<div class=\"col-lg-3  eportfolio_item col-md-6 col-xs-12 col-sm-12 conseil-et-expertise sav-et-maintenance    witr_all_mb_30\" >\n\t\t\t\t\t\t<div class=\"single_protfolio\">\n\t\t\t\t\t\t\t<div class=\"prot_thumb\">\t\t\t\t\t\t\t\t\n\t\t\t\t\t\t\t\t<img decoding=\"async\" width=\"560\" height=\"550\" src=\"https:\/\/alm-telecoms.com\/wp-content\/uploads\/2021\/08\/bl3-560x550.jpg\" class=\"attachment-netline-gallery-thumb size-netline-gallery-thumb wp-post-image\" alt=\"\" srcset=\"https:\/\/alm-telecoms.com\/wp-content\/uploads\/2021\/08\/bl3-560x550.jpg 560w, https:\/\/alm-telecoms.com\/wp-content\/uploads\/2021\/08\/bl3-70x70.jpg 70w\" sizes=\"(max-width: 560px) 100vw, 560px\" \/>\t\t\t\t\t\t\t\t\n\t\t\t\t\t\t\t\t<div class=\"prot_content\">\n\t\t\t\t\t\t\t\t\t<div class=\"prot_content_inner\">\t\t\t\t\t\t\t\t\t\n\t\t\t\t\t\t\t\t\t\t<div class=\"picon\">\n\t\t\t\t\t\t\t\t\t\t\t \n\t\t\t\t\t\t\t\t\t\t\t<a class=\"portfolio-icon venobox\" data-gall=\"myGallery\" href=\"https:\/\/alm-telecoms.com\/wp-content\/uploads\/2021\/08\/bl3.jpg\"><i class=\"icofont-image\"><\/i><\/a>\n\t\t\t\t\t\t\t\t\t\t\t\t\t\t\t\t\t\t\t\t\t<\/div>\n\t\t\t\t\t\t\t\t\t\t<h3><a href=\"https:\/\/alm-telecoms.com\/en\/em_portfolios\/demo-media-title-3\/\">Audit and technical training for a telecom operator 3<\/a><\/h3>\n\t\t\t\t\t\t\t\t\t\t\n\t\t\t\t\t\t\t\t\t\t<p>\t\t\t\t\t\t\t\t\t\t\t\t<span class=\"category-item-p\">\n\t\t\t\t\t\t\t\t\t\t\t\t   Professional Assistance and expertise\t\t\t\t\t\t\t\t\t\t\t\t<\/span>\t\t\t\t\t\t\t\t\t\t\t\t\t\t\t\t\t\t\t\n\t\t\t\t\t\t\t\t\t\t\t\t\t\t\t\t\t\t\t\t\t\t\t\t<span class=\"category-item-p\">\n\t\t\t\t\t\t\t\t\t\t\t\t   Customer service and maintenance\t\t\t\t\t\t\t\t\t\t\t\t<\/span>\t\t\t\t\t\t\t\t\t\t\t\t\t\t\t\t\t\t\t\n\t\t\t\t\t\t\t\t\t\t\t\t<\/p>\t\t\t\t\t\t\t\t\n\t\t\t\t\t\t\t\t\t<\/div>\n\t\t\t\t\t\t\t\t<\/div>\t\n\t\t\t\t\t\t\t<\/div>\t\t\t\t\n\t\t\t\t\t\t<\/div>\n\t\t\t\t\t<\/div>\n\t\t\t\t\t\t\t\t\t\t\t<!-- single portfolio -->\n\t\t\t\t\t<div class=\"col-lg-3  eportfolio_item col-md-6 col-xs-12 col-sm-12 formation-et-audit    witr_all_mb_30\" >\n\t\t\t\t\t\t<div class=\"single_protfolio\">\n\t\t\t\t\t\t\t<div class=\"prot_thumb\">\t\t\t\t\t\t\t\t\n\t\t\t\t\t\t\t\t<img loading=\"lazy\" decoding=\"async\" width=\"560\" height=\"560\" src=\"https:\/\/alm-telecoms.com\/wp-content\/uploads\/2024\/12\/fond-fibre-optique-binaire-cable-reseau_863013-102201-560x560.avif\" class=\"attachment-netline-gallery-thumb size-netline-gallery-thumb wp-post-image\" alt=\"\" srcset=\"https:\/\/alm-telecoms.com\/wp-content\/uploads\/2024\/12\/fond-fibre-optique-binaire-cable-reseau_863013-102201-560x560.avif 560w, https:\/\/alm-telecoms.com\/wp-content\/uploads\/2024\/12\/fond-fibre-optique-binaire-cable-reseau_863013-102201-300x300.avif 300w, https:\/\/alm-telecoms.com\/wp-content\/uploads\/2024\/12\/fond-fibre-optique-binaire-cable-reseau_863013-102201-100x100.avif 100w, https:\/\/alm-telecoms.com\/wp-content\/uploads\/2024\/12\/fond-fibre-optique-binaire-cable-reseau_863013-102201-600x600.avif 600w, https:\/\/alm-telecoms.com\/wp-content\/uploads\/2024\/12\/fond-fibre-optique-binaire-cable-reseau_863013-102201-150x150.avif 150w, https:\/\/alm-telecoms.com\/wp-content\/uploads\/2024\/12\/fond-fibre-optique-binaire-cable-reseau_863013-102201-450x450.avif 450w, https:\/\/alm-telecoms.com\/wp-content\/uploads\/2024\/12\/fond-fibre-optique-binaire-cable-reseau_863013-102201-106x106.avif 106w, https:\/\/alm-telecoms.com\/wp-content\/uploads\/2024\/12\/fond-fibre-optique-binaire-cable-reseau_863013-102201-70x70.avif 70w, https:\/\/alm-telecoms.com\/wp-content\/uploads\/2024\/12\/fond-fibre-optique-binaire-cable-reseau_863013-102201.avif 626w\" sizes=\"(max-width: 560px) 100vw, 560px\" \/>\t\t\t\t\t\t\t\t\n\t\t\t\t\t\t\t\t<div class=\"prot_content\">\n\t\t\t\t\t\t\t\t\t<div class=\"prot_content_inner\">\t\t\t\t\t\t\t\t\t\n\t\t\t\t\t\t\t\t\t\t<div class=\"picon\">\n\t\t\t\t\t\t\t\t\t\t\t \n\t\t\t\t\t\t\t\t\t\t\t<a class=\"portfolio-icon venobox\" data-gall=\"myGallery\" href=\"https:\/\/alm-telecoms.com\/wp-content\/uploads\/2024\/12\/fond-fibre-optique-binaire-cable-reseau_863013-102201.avif\"><i class=\"icofont-image\"><\/i><\/a>\n\t\t\t\t\t\t\t\t\t\t\t\t\t\t\t\t\t\t\t\t\t<\/div>\n\t\t\t\t\t\t\t\t\t\t<h3><a href=\"https:\/\/alm-telecoms.com\/en\/em_portfolios\/demo-media-title-4\/\">Deployment of a FTTH (Fiber to the Home) network4<\/a><\/h3>\n\t\t\t\t\t\t\t\t\t\t\n\t\t\t\t\t\t\t\t\t\t<p>\t\t\t\t\t\t\t\t\t\t\t\t<span class=\"category-item-p\">\n\t\t\t\t\t\t\t\t\t\t\t\t   Training and Audit\t\t\t\t\t\t\t\t\t\t\t\t<\/span>\t\t\t\t\t\t\t\t\t\t\t\t\t\t\t\t\t\t\t\n\t\t\t\t\t\t\t\t\t\t\t\t<\/p>\t\t\t\t\t\t\t\t\n\t\t\t\t\t\t\t\t\t<\/div>\n\t\t\t\t\t\t\t\t<\/div>\t\n\t\t\t\t\t\t\t<\/div>\t\t\t\t\n\t\t\t\t\t\t<\/div>\n\t\t\t\t\t<\/div>\n\t\t\t\t\t\t\t\t\t\t\t<!-- single portfolio -->\n\t\t\t\t\t<div class=\"col-lg-3  eportfolio_item col-md-6 col-xs-12 col-sm-12 conseil-et-expertise    witr_all_mb_30\" >\n\t\t\t\t\t\t<div class=\"single_protfolio\">\n\t\t\t\t\t\t\t<div class=\"prot_thumb\">\t\t\t\t\t\t\t\t\n\t\t\t\t\t\t\t\t<img loading=\"lazy\" decoding=\"async\" width=\"560\" height=\"550\" src=\"https:\/\/alm-telecoms.com\/wp-content\/uploads\/2021\/08\/bl5-560x550.jpg\" class=\"attachment-netline-gallery-thumb size-netline-gallery-thumb wp-post-image\" alt=\"\" srcset=\"https:\/\/alm-telecoms.com\/wp-content\/uploads\/2021\/08\/bl5-560x550.jpg 560w, https:\/\/alm-telecoms.com\/wp-content\/uploads\/2021\/08\/bl5-70x70.jpg 70w\" sizes=\"(max-width: 560px) 100vw, 560px\" \/>\t\t\t\t\t\t\t\t\n\t\t\t\t\t\t\t\t<div class=\"prot_content\">\n\t\t\t\t\t\t\t\t\t<div class=\"prot_content_inner\">\t\t\t\t\t\t\t\t\t\n\t\t\t\t\t\t\t\t\t\t<div class=\"picon\">\n\t\t\t\t\t\t\t\t\t\t\t \n\t\t\t\t\t\t\t\t\t\t\t<a class=\"portfolio-icon venobox\" data-gall=\"myGallery\" href=\"https:\/\/alm-telecoms.com\/wp-content\/uploads\/2021\/08\/bl5.jpg\"><i class=\"icofont-image\"><\/i><\/a>\n\t\t\t\t\t\t\t\t\t\t\t\t\t\t\t\t\t\t\t\t\t<\/div>\n\t\t\t\t\t\t\t\t\t\t<h3><a href=\"https:\/\/alm-telecoms.com\/en\/em_portfolios\/demo-media-title-5\/\">Extension of an overhead telecom network 5<\/a><\/h3>\n\t\t\t\t\t\t\t\t\t\t\n\t\t\t\t\t\t\t\t\t\t<p>\t\t\t\t\t\t\t\t\t\t\t\t<span class=\"category-item-p\">\n\t\t\t\t\t\t\t\t\t\t\t\t   Professional Assistance and expertise\t\t\t\t\t\t\t\t\t\t\t\t<\/span>\t\t\t\t\t\t\t\t\t\t\t\t\t\t\t\t\t\t\t\n\t\t\t\t\t\t\t\t\t\t\t\t<\/p>\t\t\t\t\t\t\t\t\n\t\t\t\t\t\t\t\t\t<\/div>\n\t\t\t\t\t\t\t\t<\/div>\t\n\t\t\t\t\t\t\t<\/div>\t\t\t\t\n\t\t\t\t\t\t<\/div>\n\t\t\t\t\t<\/div>\n\t\t\t\t\t\t\t\t\t\t\t<!-- single portfolio -->\n\t\t\t\t\t<div class=\"col-lg-3  eportfolio_item col-md-6 col-xs-12 col-sm-12 formation-et-audit sav-et-maintenance    witr_all_mb_30\" >\n\t\t\t\t\t\t<div class=\"single_protfolio\">\n\t\t\t\t\t\t\t<div class=\"prot_thumb\">\t\t\t\t\t\t\t\t\n\t\t\t\t\t\t\t\t<img loading=\"lazy\" decoding=\"async\" width=\"560\" height=\"550\" src=\"https:\/\/alm-telecoms.com\/wp-content\/uploads\/2021\/08\/bl6-560x550.jpg\" class=\"attachment-netline-gallery-thumb size-netline-gallery-thumb wp-post-image\" alt=\"\" srcset=\"https:\/\/alm-telecoms.com\/wp-content\/uploads\/2021\/08\/bl6-560x550.jpg 560w, https:\/\/alm-telecoms.com\/wp-content\/uploads\/2021\/08\/bl6-70x70.jpg 70w\" sizes=\"(max-width: 560px) 100vw, 560px\" \/>\t\t\t\t\t\t\t\t\n\t\t\t\t\t\t\t\t<div class=\"prot_content\">\n\t\t\t\t\t\t\t\t\t<div class=\"prot_content_inner\">\t\t\t\t\t\t\t\t\t\n\t\t\t\t\t\t\t\t\t\t<div class=\"picon\">\n\t\t\t\t\t\t\t\t\t\t\t \n\t\t\t\t\t\t\t\t\t\t\t<a class=\"portfolio-icon venobox\" data-gall=\"myGallery\" href=\"https:\/\/alm-telecoms.com\/wp-content\/uploads\/2021\/08\/bl6.jpg\"><i class=\"icofont-image\"><\/i><\/a>\n\t\t\t\t\t\t\t\t\t\t\t\t\t\t\t\t\t\t\t\t\t<\/div>\n\t\t\t\t\t\t\t\t\t\t<h3><a href=\"https:\/\/alm-telecoms.com\/en\/em_portfolios\/demo-media-title-6\/\">Data center maintenance and optimization 6<\/a><\/h3>\n\t\t\t\t\t\t\t\t\t\t\n\t\t\t\t\t\t\t\t\t\t<p>\t\t\t\t\t\t\t\t\t\t\t\t<span class=\"category-item-p\">\n\t\t\t\t\t\t\t\t\t\t\t\t   Training and Audit\t\t\t\t\t\t\t\t\t\t\t\t<\/span>\t\t\t\t\t\t\t\t\t\t\t\t\t\t\t\t\t\t\t\n\t\t\t\t\t\t\t\t\t\t\t\t\t\t\t\t\t\t\t\t\t\t\t\t<span class=\"category-item-p\">\n\t\t\t\t\t\t\t\t\t\t\t\t   Customer service and maintenance\t\t\t\t\t\t\t\t\t\t\t\t<\/span>\t\t\t\t\t\t\t\t\t\t\t\t\t\t\t\t\t\t\t\n\t\t\t\t\t\t\t\t\t\t\t\t<\/p>\t\t\t\t\t\t\t\t\n\t\t\t\t\t\t\t\t\t<\/div>\n\t\t\t\t\t\t\t\t<\/div>\t\n\t\t\t\t\t\t\t<\/div>\t\t\t\t\n\t\t\t\t\t\t<\/div>\n\t\t\t\t\t<\/div>\n\t\t\t\t\t\t\t\t\t\t\t<!-- single portfolio -->\n\t\t\t\t\t<div class=\"col-lg-3  eportfolio_item col-md-6 col-xs-12 col-sm-12 formation-et-audit    witr_all_mb_30\" >\n\t\t\t\t\t\t<div class=\"single_protfolio\">\n\t\t\t\t\t\t\t<div class=\"prot_thumb\">\t\t\t\t\t\t\t\t\n\t\t\t\t\t\t\t\t<img loading=\"lazy\" decoding=\"async\" width=\"560\" height=\"550\" src=\"https:\/\/alm-telecoms.com\/wp-content\/uploads\/2021\/08\/bl7-560x550.jpg\" class=\"attachment-netline-gallery-thumb size-netline-gallery-thumb wp-post-image\" alt=\"\" srcset=\"https:\/\/alm-telecoms.com\/wp-content\/uploads\/2021\/08\/bl7-560x550.jpg 560w, https:\/\/alm-telecoms.com\/wp-content\/uploads\/2021\/08\/bl7-70x70.jpg 70w\" sizes=\"(max-width: 560px) 100vw, 560px\" \/>\t\t\t\t\t\t\t\t\n\t\t\t\t\t\t\t\t<div class=\"prot_content\">\n\t\t\t\t\t\t\t\t\t<div class=\"prot_content_inner\">\t\t\t\t\t\t\t\t\t\n\t\t\t\t\t\t\t\t\t\t<div class=\"picon\">\n\t\t\t\t\t\t\t\t\t\t\t \n\t\t\t\t\t\t\t\t\t\t\t<a class=\"portfolio-icon venobox\" data-gall=\"myGallery\" href=\"https:\/\/alm-telecoms.com\/wp-content\/uploads\/2021\/08\/bl7.jpg\"><i class=\"icofont-image\"><\/i><\/a>\n\t\t\t\t\t\t\t\t\t\t\t\t\t\t\t\t\t\t\t\t\t<\/div>\n\t\t\t\t\t\t\t\t\t\t<h3><a href=\"https:\/\/alm-telecoms.com\/en\/em_portfolios\/demo-media-title-7\/\">Setting up a GPON network for a company 7<\/a><\/h3>\n\t\t\t\t\t\t\t\t\t\t\n\t\t\t\t\t\t\t\t\t\t<p>\t\t\t\t\t\t\t\t\t\t\t\t<span class=\"category-item-p\">\n\t\t\t\t\t\t\t\t\t\t\t\t   Training and Audit\t\t\t\t\t\t\t\t\t\t\t\t<\/span>\t\t\t\t\t\t\t\t\t\t\t\t\t\t\t\t\t\t\t\n\t\t\t\t\t\t\t\t\t\t\t\t<\/p>\t\t\t\t\t\t\t\t\n\t\t\t\t\t\t\t\t\t<\/div>\n\t\t\t\t\t\t\t\t<\/div>\t\n\t\t\t\t\t\t\t<\/div>\t\t\t\t\n\t\t\t\t\t\t<\/div>\n\t\t\t\t\t<\/div>\n\t\t\t\t\t\t\t\t\t\t\t<!-- single portfolio -->\n\t\t\t\t\t<div class=\"col-lg-3  eportfolio_item col-md-6 col-xs-12 col-sm-12 conseil-et-expertise sav-et-maintenance    witr_all_mb_30\" >\n\t\t\t\t\t\t<div class=\"single_protfolio\">\n\t\t\t\t\t\t\t<div class=\"prot_thumb\">\t\t\t\t\t\t\t\t\n\t\t\t\t\t\t\t\t<img loading=\"lazy\" decoding=\"async\" width=\"560\" height=\"550\" src=\"https:\/\/alm-telecoms.com\/wp-content\/uploads\/2021\/08\/bl8-560x550.jpg\" class=\"attachment-netline-gallery-thumb size-netline-gallery-thumb wp-post-image\" alt=\"\" srcset=\"https:\/\/alm-telecoms.com\/wp-content\/uploads\/2021\/08\/bl8-560x550.jpg 560w, https:\/\/alm-telecoms.com\/wp-content\/uploads\/2021\/08\/bl8-70x70.jpg 70w\" sizes=\"(max-width: 560px) 100vw, 560px\" \/>\t\t\t\t\t\t\t\t\n\t\t\t\t\t\t\t\t<div class=\"prot_content\">\n\t\t\t\t\t\t\t\t\t<div class=\"prot_content_inner\">\t\t\t\t\t\t\t\t\t\n\t\t\t\t\t\t\t\t\t\t<div class=\"picon\">\n\t\t\t\t\t\t\t\t\t\t\t \n\t\t\t\t\t\t\t\t\t\t\t<a class=\"portfolio-icon venobox\" data-gall=\"myGallery\" href=\"https:\/\/alm-telecoms.com\/wp-content\/uploads\/2021\/08\/bl8.jpg\"><i class=\"icofont-image\"><\/i><\/a>\n\t\t\t\t\t\t\t\t\t\t\t\t\t\t\t\t\t\t\t\t\t<\/div>\n\t\t\t\t\t\t\t\t\t\t<h3><a href=\"https:\/\/alm-telecoms.com\/en\/em_portfolios\/demo-media-title-8\/\">Audit and technical training for a telecom operator 8<\/a><\/h3>\n\t\t\t\t\t\t\t\t\t\t\n\t\t\t\t\t\t\t\t\t\t<p>\t\t\t\t\t\t\t\t\t\t\t\t<span class=\"category-item-p\">\n\t\t\t\t\t\t\t\t\t\t\t\t   Professional Assistance and expertise\t\t\t\t\t\t\t\t\t\t\t\t<\/span>\t\t\t\t\t\t\t\t\t\t\t\t\t\t\t\t\t\t\t\n\t\t\t\t\t\t\t\t\t\t\t\t\t\t\t\t\t\t\t\t\t\t\t\t<span class=\"category-item-p\">\n\t\t\t\t\t\t\t\t\t\t\t\t   Customer service and maintenance\t\t\t\t\t\t\t\t\t\t\t\t<\/span>\t\t\t\t\t\t\t\t\t\t\t\t\t\t\t\t\t\t\t\n\t\t\t\t\t\t\t\t\t\t\t\t<\/p>\t\t\t\t\t\t\t\t\n\t\t\t\t\t\t\t\t\t<\/div>\n\t\t\t\t\t\t\t\t<\/div>\t\n\t\t\t\t\t\t\t<\/div>\t\t\t\t\n\t\t\t\t\t\t<\/div>\n\t\t\t\t\t<\/div>\n\t\t\t\t\t\t\n\t\t\t\t\t\t\t\t\t<\/div>\n\t\t\t<\/div>\t\t\t\t\t\n\n\t\t\t\t\t\t<!-- START PAGINATION -->\n\t\t\t<div class=\"row\">\n\t\t\t\t<div class=\"col-md-12\">\n\t\t\t\t\t<div class=\"paginations\">\n\t\t\t\t\t\t\n\t\t\t\t\t\t<ul class='page-numbers'>\n\t<li><span aria-label=\"Page 1\" aria-current=\"page\" class=\"page-numbers current\" data-no-translation-aria-label=\"\">1<\/span><\/li>\n\t<li><a aria-label=\"Page 2\" class=\"page-numbers\" href=\"https:\/\/alm-telecoms.com\/wp-json\/wp\/v2\/pages\/590\/page\/2\/\" data-no-translation-aria-label=\"\">2<\/a><\/li>\n\t<li><a class=\"next page-numbers\" href=\"https:\/\/alm-telecoms.com\/wp-json\/wp\/v2\/pages\/590\/page\/2\/\"><i class=\"icofont-arrow-right\"><\/i><\/a><\/li>\n<\/ul>\n\t\t\t\t\t<\/div>\n\t\t\t\t<\/div>\n\t\t\t<\/div>\n\t\t\t\t\t\t\t<\/div>\n\t\t\t\t<\/div>\n\t\t\t\t\t<\/div>\n\t\t<\/div>\n\t\t\t\t\t<\/div>\n\t\t<\/section>\n\t\t\t\t\t<\/div>\n\t\t<\/div>\n\t\t\t\t\t<\/div>\n\t\t<\/section>\n\t\t\t\t<\/div>","protected":false},"excerpt":{"rendered":"<p>Portfolio Explorez les projets r\u00e9cents D\u00e9couvrez nos r\u00e9cents projets qui t\u00e9moignent de notre expertise en fibre optique et de notre engagement \u00e0 fournir des solutions innovantes et adapt\u00e9es aux besoins sp\u00e9cifiques de nos clients. Ces r\u00e9alisations illustrent notre savoir-faire et notre capacit\u00e9 \u00e0 relever des d\u00e9fis techniques avec succ\u00e8s. Tous les Projets Conseil et Expertise [&hellip;]<\/p>","protected":false},"author":1,"featured_media":0,"parent":0,"menu_order":0,"comment_status":"closed","ping_status":"closed","template":"template-home.php","meta":{"_eb_attr":"","om_disable_all_campaigns":false,"_monsterinsights_skip_tracking":false,"_monsterinsights_sitenote_active":false,"_monsterinsights_sitenote_note":"","_monsterinsights_sitenote_category":0,"footnotes":""},"class_list":["post-590","page","type-page","status-publish","hentry"],"aioseo_notices":[],"_links":{"self":[{"href":"https:\/\/alm-telecoms.com\/en\/wp-json\/wp\/v2\/pages\/590","targetHints":{"allow":["GET"]}}],"collection":[{"href":"https:\/\/alm-telecoms.com\/en\/wp-json\/wp\/v2\/pages"}],"about":[{"href":"https:\/\/alm-telecoms.com\/en\/wp-json\/wp\/v2\/types\/page"}],"author":[{"embeddable":true,"href":"https:\/\/alm-telecoms.com\/en\/wp-json\/wp\/v2\/users\/1"}],"replies":[{"embeddable":true,"href":"https:\/\/alm-telecoms.com\/en\/wp-json\/wp\/v2\/comments?post=590"}],"version-history":[{"count":8,"href":"https:\/\/alm-telecoms.com\/en\/wp-json\/wp\/v2\/pages\/590\/revisions"}],"predecessor-version":[{"id":9191,"href":"https:\/\/alm-telecoms.com\/en\/wp-json\/wp\/v2\/pages\/590\/revisions\/9191"}],"wp:attachment":[{"href":"https:\/\/alm-telecoms.com\/en\/wp-json\/wp\/v2\/media?parent=590"}],"curies":[{"name":"wp","href":"https:\/\/api.w.org\/{rel}","templated":true}]}}